{"id":13,"date":"2018-10-31T01:34:22","date_gmt":"2018-10-31T01:34:22","guid":{"rendered":"https:\/\/www.salt-harvesting-machine.com\/?page_id=13"},"modified":"2018-11-01T09:21:03","modified_gmt":"2018-11-01T09:21:03","slug":"about-us","status":"publish","type":"page","link":"https:\/\/www.salt-harvesting-machine.com\/az\/about-us","title":{"rendered":"Haqq\u0131m\u0131zda"},"content":{"rendered":"<p class=\"translation-block\"><strong>Bizim \u015eirk\u0259timizin Yeri<\/strong><\/p> <p class=\"translation-block\">Zhengzhou Shuliy Machinery Co., Ltd\u00a0is a well-known\u00a0enterprise that integrates scientific research, development, design, manufacturing and sales as a whole. It is located in Zhengzhou Economic and Technological Development Zone,which\u00a0is a commercial and economic center,\u00a0mainly engaging\u00a0in the import and export of mechanical equipment .Here is empowered with more than 300 employees all motivated with the joy of working as a family.<br \/> <img decoding=\"async\" src=\"http:\/\/www.meatprocessingmachine.org\/wp-content\/uploads\/2018\/10\/aboutus-1.jpg\" alt=\"shuliy\" title=\"\"><br \/> <strong>Our R&amp;D Ability<\/strong><\/p> <p>Biz h\u0259mi\u015f\u0259 q\u0259tiyy\u0259tl\u0259 inan\u0131r\u0131q ki, texnologiya \u0259sas m\u0259hsuldar q\u00fcvv\u0259dir. Bel\u0259 bir prinsip\u0259 \u0259saslanaraq, biz \u00e7ox sayda m\u00fck\u0259mm\u0259l mexaniki m\u00fct\u0259x\u0259ssis i\u015f\u0259 g\u00f6t\u00fcrm\u0259y\u0259 b\u00f6y\u00fck s\u0259rmay\u0259 qoymu\u015fuq, bel\u0259likl\u0259, yeni m\u0259hsullar\u0131n t\u0259dqiqat\u0131 v\u0259 inki\u015faf\u0131 v\u0259 \u0259n\u0259n\u0259vi ma\u015f\u0131nlar\u0131n keyfiyy\u0259tinin yax\u015f\u0131la\u015fd\u0131r\u0131lmas\u0131 \u00fc\u00e7\u00fcn \u0259la qabiliyy\u0259t\u0259 malikik.<\/p> <p class=\"translation-block\"><strong>Bizim QC v\u0259 Xidm\u0259timiz<\/strong><\/p> <p>Biz h\u0259mi\u015f\u0259 m\u00fck\u0259mm\u0259llik \u00fc\u00e7\u00fcn \u00e7al\u0131\u015f\u0131r\u0131q. Yax\u015f\u0131 t\u0259lim ke\u00e7mi\u015f i\u015f\u00e7i q\u00fcvv\u0259si, s\u0259rt keyfiyy\u0259t t\u0259minat\u0131 sistemi, b\u00fct\u00fcn istehsal prosesinin optimalla\u015fd\u0131r\u0131lm\u0131\u015f idar\u0259etm\u0259si v\u0259 m\u00fck\u0259mm\u0259l sat\u0131\u015f sonras\u0131 xidm\u0259t sisteml\u0259ri say\u0259sind\u0259 m\u0259hsullar\u0131m\u0131z v\u0259 xidm\u0259tl\u0259rimiz daxili v\u0259 xarici m\u00fc\u015ft\u0259ril\u0259r t\u0259r\u0259find\u0259n y\u00fcks\u0259k qiym\u0259tl\u0259ndirilir. Keyfiyy\u0259t\u0259 y\u00f6n\u0259lik, yax\u015f\u0131 n\u00fcfuz v\u0259 m\u00fc\u015ft\u0259ri ilk n\u00f6vb\u0259d\u0259 prinsipi \u0259sas\u0131nda, biz y\u00fcks\u0259k keyfiyy\u0259tli m\u0259hsullar yaratma\u011fa v\u0259 uzun m\u00fcdd\u0259t b\u00f6y\u00fck n\u0259tic\u0259l\u0259r \u0259ld\u0259 etm\u0259y\u0259 inamla bax\u0131r\u0131q. Biz b\u00fct\u00fcn m\u00fc\u015ft\u0259ril\u0259r\u0259 premium keyfiyy\u0259tli m\u0259hsullar v\u0259 m\u0259mnun xidm\u0259t g\u00f6st\u0259rm\u0259y\u0259 b\u00f6y\u00fck s\u0259y g\u00f6st\u0259ririk v\u0259 onlar\u0131n s\u0259mimi \u0259m\u0259kda\u015fl\u0131\u011f\u0131 il\u0259 parlaq g\u0259l\u0259c\u0259k \u00fc\u00e7\u00fcn \u00fcmid edirik. \u015eirk\u0259timiz praktikada yenilik etm\u0259yi v\u0259 istehsaldan sat\u0131\u015fa q\u0259d\u0259r etibarl\u0131 z\u0259man\u0259t verm\u0259yi h\u0259d\u0259fl\u0259yir. Keyfiyy\u0259t b\u0259yanat\u0131m\u0131z t\u0259k bir s\u00f6z\u0259 - \u00f6hd\u0259liy\u0259 - y\u00f6n\u0259lib: k\u0259nd t\u0259s\u0259rr\u00fcfat\u0131, fermerl\u0259r v\u0259 m\u0259hsul istehlak\u00e7\u0131lar\u0131na, v\u0259 biz h\u0259r g\u00fcn bu \u00f6hd\u0259liyi yerin\u0259 yetirm\u0259y\u0259 \u00e7al\u0131\u015f\u0131r\u0131q.<\/p>","protected":false},"excerpt":{"rendered":"<p>Our Company Location Zhengzhou Shuliy Machinery Co., Ltd\u00a0is a well-known\u00a0enterprise that integrates scientific research, development, design, manufacturing and sales as a whole. It is located in Zhengzhou Economic and Technological Development Zone,which\u00a0is a commercial and economic center,\u00a0mainly engaging\u00a0in the import and export of mechanical equipment .Here is empowered with more than 300 employees all motivated&#8230;<\/p>","protected":false},"author":1,"featured_media":0,"parent":0,"menu_order":0,"comment_status":"open","ping_status":"closed","template":"","meta":{"_kad_blocks_custom_css":"","_kad_blocks_head_custom_js":"","_kad_blocks_body_custom_js":"","_kad_blocks_footer_custom_js":"","_kadence_starter_templates_imported_post":false,"_kad_post_transparent":"","_kad_post_title":"","_kad_post_layout":"","_kad_post_sidebar_id":"","_kad_post_content_style":"","_kad_post_vertical_padding":"","_kad_post_feature":"","_kad_post_feature_position":"","_kad_post_header":false,"_kad_post_footer":false,"_kad_post_classname":"","footnotes":""},"class_list":["post-13","page","type-page","status-publish","hentry"],"taxonomy_info":[],"featured_image_src_large":false,"author_info":{"display_name":"Salt-Harvester","author_link":"https:\/\/www.salt-harvesting-machine.com\/az\/author\/admin"},"comment_info":"","_links":{"self":[{"href":"https:\/\/www.salt-harvesting-machine.com\/az\/wp-json\/wp\/v2\/pages\/13","targetHints":{"allow":["GET"]}}],"collection":[{"href":"https:\/\/www.salt-harvesting-machine.com\/az\/wp-json\/wp\/v2\/pages"}],"about":[{"href":"https:\/\/www.salt-harvesting-machine.com\/az\/wp-json\/wp\/v2\/types\/page"}],"author":[{"embeddable":true,"href":"https:\/\/www.salt-harvesting-machine.com\/az\/wp-json\/wp\/v2\/users\/1"}],"replies":[{"embeddable":true,"href":"https:\/\/www.salt-harvesting-machine.com\/az\/wp-json\/wp\/v2\/comments?post=13"}],"version-history":[{"count":0,"href":"https:\/\/www.salt-harvesting-machine.com\/az\/wp-json\/wp\/v2\/pages\/13\/revisions"}],"wp:attachment":[{"href":"https:\/\/www.salt-harvesting-machine.com\/az\/wp-json\/wp\/v2\/media?parent=13"}],"curies":[{"name":"wp","href":"https:\/\/api.w.org\/{rel}","templated":true}]}}