{"id":151,"date":"2019-06-19T01:55:41","date_gmt":"2019-06-19T01:55:41","guid":{"rendered":"https:\/\/www.salt-harvesting-machine.com\/?page_id=151"},"modified":"2019-06-19T01:57:41","modified_gmt":"2019-06-19T01:57:41","slug":"new-design-salt-harvester-salt-collector-for-quick-collection-of-sea-salt","status":"publish","type":"page","link":"https:\/\/www.salt-harvesting-machine.com\/az\/new-design-salt-harvester-salt-collector-for-quick-collection-of-sea-salt","title":{"rendered":"Yeni dizayn d\u0259niz duzu toplay\u0131c\u0131 \/ duz toplama qur\u011fusu s\u00fcr\u0259tli duz toplama \u00fc\u00e7\u00fcn"},"content":{"rendered":"<p class=\"translation-block\">D\u0259niz duzlar\u0131n\u0131 geni\u015f d\u0259niz duzu sah\u0259l\u0259rind\u0259 toplamaq \u00fc\u00e7\u00fcn \u015euliy <strong><b>duz toplama toplay\u0131c\u0131<\/b><\/strong> sizin \u00fc\u00e7\u00fcn yax\u015f\u0131 se\u00e7im olacaq. \u015euliy ma\u015f\u0131nqay\u0131rma duz toplama ma\u015f\u0131n\u0131 projektl\u0259\u015fdirm\u0259 v\u0259 istehsal \u00fczr\u0259 10 ild\u0259n \u00e7ox t\u0259cr\u00fcb\u0259y\u0259 malikdir ki, \u0259n yax\u015f\u0131 <strong><b>duz toplama qur\u011fusu<\/b><\/strong> t\u0259min ed\u0259 bil\u0259r.<\/p> <h2><strong><b>Duz y\u0131\u011f\u0131m ma\u015f\u0131n\u0131n\u0131n \u0259sas \u00fcst\u00fcnl\u00fckl\u0259ri<\/b><\/strong><\/h2> <figure id=\"attachment_27\" aria-describedby=\"caption-attachment-27\" style=\"width: 300px\" class=\"wp-caption aligncenter\"><img loading=\"lazy\" decoding=\"async\" class=\"size-medium wp-image-27\" src=\"https:\/\/www.salt-harvesting-machine.com\/wp-content\/uploads\/2018\/10\/salt-collecting-machine13a-300x300.jpg\" alt=\"duz toplayan ma\u015f\u0131n\" width=\"300\" height=\"300\" title=\"\" srcset=\"https:\/\/www.salt-harvesting-machine.com\/wp-content\/uploads\/2018\/10\/salt-collecting-machine13a-300x300.jpg 300w, https:\/\/www.salt-harvesting-machine.com\/wp-content\/uploads\/2018\/10\/salt-collecting-machine13a-150x150.jpg 150w, https:\/\/www.salt-harvesting-machine.com\/wp-content\/uploads\/2018\/10\/salt-collecting-machine13a.jpg 500w\" sizes=\"auto, (max-width: 300px) 100vw, 300px\" \/><figcaption id=\"caption-attachment-27\" class=\"wp-caption-text\">Duz Y\u0131\u011f\u0131m Ma\u015f\u0131n\u0131<\/figcaption><\/figure> <p>Duz toplama ma\u015f\u0131n\u0131n\u0131n f\u0259aliyy\u0259ti \u00e7ox geni\u015fdir v\u0259 su t\u0259s\u0259rr\u00fcfat\u0131nda boru k\u0259m\u0259ri il\u0259 birlikd\u0259 duz toplama \u0259m\u0259liyyatlar\u0131 \u00fc\u00e7\u00fcn istifad\u0259 oluna bil\u0259r v\u0259 canl\u0131 k\u00fcl\u0259k v\u0259 s\u00fcr\u00fc\u015fm\u0259 kimi \u0259m\u0259liyyatlar da yerin\u0259 yetiril\u0259 bil\u0259r. Duz toplama ma\u015f\u0131n\u0131 dent\u0259 ba\u011fl\u0131 kau\u00e7uk t\u0259k\u0259rl\u0259 h\u0259r\u0259k\u0259t edir v\u0259 t\u0259k\u0259r vasit\u0259sil\u0259 h\u0259r\u0259k\u0259t etm\u0259yin \u00fcst\u00fcnl\u00fcy\u00fc duz toplama ma\u015f\u0131n\u0131 hovuz platas\u0131n\u0131 z\u0259d\u0259l\u0259m\u0259d\u0259n idar\u0259 oluna bilm\u0259sidir.<\/p> <p><img loading=\"lazy\" decoding=\"async\" class=\"size-medium wp-image-59 aligncenter\" src=\"https:\/\/www.salt-harvesting-machine.com\/wp-content\/uploads\/2018\/10\/Salt-pool-press-machine5-300x300.jpg\" alt=\"\" width=\"300\" height=\"300\" title=\"\" srcset=\"https:\/\/www.salt-harvesting-machine.com\/wp-content\/uploads\/2018\/10\/Salt-pool-press-machine5-300x300.jpg 300w, https:\/\/www.salt-harvesting-machine.com\/wp-content\/uploads\/2018\/10\/Salt-pool-press-machine5-150x150.jpg 150w, https:\/\/www.salt-harvesting-machine.com\/wp-content\/uploads\/2018\/10\/Salt-pool-press-machine5.jpg 600w\" sizes=\"auto, (max-width: 300px) 100vw, 300px\" \/><\/p> <p class=\"translation-block\">Duz toplama ma\u015f\u0131n\u0131 h\u0259m d\u0259 hidravlik \u00f6t\u00fcrm\u0259, g\u00fcc \u00f6t\u00fcrm\u0259si, hiss\u0259l\u0259rin standartla\u015fd\u0131r\u0131lmas\u0131 v\u0259 y\u00fcks\u0259k s\u0259viyy\u0259d\u0259 \u00fcmumluluqla t\u0259tbiq olunur ki, bu da duz toplama ma\u015f\u0131n\u0131n\u0131 daha rahat v\u0259 sad\u0259 i\u015fl\u0259m\u0259y\u0259 imkan verir. <strong><b>duz toplama ma\u015f\u0131n\u0131<\/b><\/strong>  bir ma\u015f\u0131nda duz toplama, canl\u0131 k\u00fcl\u0259k v\u0259 s\u00fcr\u00fc\u015fm\u0259ni ed\u0259 bil\u0259r v\u0259 d\u0259niz duzunun istifad\u0259si y\u00fcks\u0259kdir.<\/p> <h2><strong><b>Niy\u0259 Shuliy duz y\u0131\u011f\u0131m ma\u015f\u0131n\u0131 se\u00e7ilir?<\/b><\/strong><\/h2> <figure id=\"attachment_78\" aria-describedby=\"caption-attachment-78\" style=\"width: 300px\" class=\"wp-caption aligncenter\"><img loading=\"lazy\" decoding=\"async\" class=\"size-medium wp-image-78\" src=\"https:\/\/www.salt-harvesting-machine.com\/wp-content\/uploads\/2018\/10\/salt-collecting-machine09-300x300.jpg\" alt=\"duz toplayan ma\u015f\u0131n\" width=\"300\" height=\"300\" title=\"\" srcset=\"https:\/\/www.salt-harvesting-machine.com\/wp-content\/uploads\/2018\/10\/salt-collecting-machine09-300x300.jpg 300w, https:\/\/www.salt-harvesting-machine.com\/wp-content\/uploads\/2018\/10\/salt-collecting-machine09-150x150.jpg 150w, https:\/\/www.salt-harvesting-machine.com\/wp-content\/uploads\/2018\/10\/salt-collecting-machine09.jpg 500w\" sizes=\"auto, (max-width: 300px) 100vw, 300px\" \/><figcaption id=\"caption-attachment-78\" class=\"wp-caption-text\">Duz Y\u0131\u011f\u0131m Ma\u015f\u0131n\u0131<\/figcaption><\/figure> <h3>1.Duz istehsal\u0131n\u0131n yax\u015f\u0131 sat\u0131\u015f sonras\u0131 xidm\u0259ti<\/h3> <p>Yax\u015f\u0131 sat\u0131\u015f sonras\u0131 xidm\u0259t \u015firk\u0259tin davaml\u0131 inki\u015faf\u0131n\u0131n \u0259s\u0259sidir. \u0130stifad\u0259\u00e7il\u0259r t\u0259cili olduqda narahat olur, istifad\u0259\u00e7i fikri il\u0259 raz\u0131la\u015fmaq \u0259m\u0259kda\u015fl\u0131\u011fa g\u00fcv\u0259n \u0259sas\u0131d\u0131r. \u015eirk\u0259t istifad\u0259\u00e7il\u0259rin ziyar\u0259tl\u0259ri v\u0259 \u00f6m\u00fcrl\u00fck xidm\u0259tl\u0259r \u00fc\u00e7\u00fcn m\u00fcnt\u0259z\u0259m texniki d\u0259st\u0259k t\u0259min ed\u0259 bil\u0259n yax\u015f\u0131 sat\u0131\u015f sonras\u0131 xidm\u0259t sistemi qurub.<\/p> <h3>2.<strong><b>Duz y\u0131\u011f\u0131m avadanl\u0131\u011f\u0131 <\/b><\/strong>keyfiyy\u0259t<\/h3> <p><img loading=\"lazy\" decoding=\"async\" class=\"size-full wp-image-101 aligncenter\" src=\"https:\/\/www.salt-harvesting-machine.com\/wp-content\/uploads\/2018\/11\/5.jpg\" alt=\"\" width=\"750\" height=\"520\" title=\"\"><\/p> <p>Keyfiyy\u0259t \u015firk\u0259tin sosial m\u0259suliyy\u0259tidir v\u0259 \u015firk\u0259tin h\u0259yat\u0131d\u0131r. M\u00fck\u0259mm\u0259lliy\u0259 can atmaq m\u00fc\u0259ssis\u0259ni qurma\u011f\u0131n g\u00fccl\u00fc \u0259sas\u0131d\u0131r. \u015eirk\u0259t qabaqc\u0131l istehsal idar\u0259etm\u0259si modelini t\u0259tbiq edir, su ax\u0131n\u0131n\u0131 izl\u0259yir v\u0259 he\u00e7 bir m\u0259hs\u0259ni qa\u00e7\u0131rm\u0131r. \u201cM\u0259lumatl\u0131l\u0131q \u0259sas\u0131nda, yenilik\u00e7i v\u0259 ir\u0259lil\u0259y\u0259n\u201d \u015firk\u0259tin korporativ f\u0259ls\u0259f\u0259si \u015firk\u0259tin davaml\u0131 v\u0259 sabit inki\u015faf\u0131n\u0131n \u0259sas\u0131d\u0131r.<\/p> <h3>3. Dizayn praktik <strong><b>duz y\u0131\u011f\u0131m ma\u015f\u0131n\u0131 <\/b><\/strong>hallar<\/h3> <p>\u015eirk\u0259tin m\u0259hsullar\u0131 \u00f6lk\u0259 \u00fczr\u0259 onlarla vilay\u0259t, \u015f\u0259h\u0259r v\u0259 muxtar b\u00f6lg\u0259l\u0259rd\u0259 u\u011furla sat\u0131l\u0131r v\u0259 bir \u00e7ox tan\u0131nm\u0131\u015f daxili v\u0259 xarici istehsal\u00e7\u0131lar t\u0259r\u0259find\u0259n istifad\u0259 olunur. \u015eirk\u0259t qabaqc\u0131l istehsal avadanl\u0131qlar\u0131 v\u0259 z\u0259ngin idar\u0259etm\u0259 t\u0259cr\u00fcb\u0259sin\u0259 g\u00fcv\u0259nir, texnologiya inki\u015faf\u0131na v\u0259 m\u0259hsul yenil\u0259nm\u0259sin\u0259 diqq\u0259t yetirir v\u0259 istifad\u0259\u00e7il\u0259r\u0259 daha yax\u015f\u0131 v\u0259 daha qabaqc\u0131l professional avadanl\u0131q t\u0259qdim etm\u0259y\u0259 \u00e7al\u0131\u015f\u0131r.<\/p>","protected":false},"excerpt":{"rendered":"<p>For collecting the sea salt in the large sea salt fields, Shuliy salt harvester will be a good choice for you. Shuliy machinery is specialized in the salt harvesting machine designing and manufacturing for more than 10 years so that can not only provide the best salt collector\u00a0but also can provide the supporting equipment. Main&#8230;<\/p>","protected":false},"author":1,"featured_media":0,"parent":0,"menu_order":0,"comment_status":"closed","ping_status":"closed","template":"","meta":{"_kad_blocks_custom_css":"","_kad_blocks_head_custom_js":"","_kad_blocks_body_custom_js":"","_kad_blocks_footer_custom_js":"","_kadence_starter_templates_imported_post":false,"_kad_post_transparent":"","_kad_post_title":"","_kad_post_layout":"","_kad_post_sidebar_id":"","_kad_post_content_style":"","_kad_post_vertical_padding":"","_kad_post_feature":"","_kad_post_feature_position":"","_kad_post_header":false,"_kad_post_footer":false,"_kad_post_classname":"","footnotes":""},"class_list":["post-151","page","type-page","status-publish","hentry"],"taxonomy_info":[],"featured_image_src_large":false,"author_info":{"display_name":"Salt-Harvester","author_link":"https:\/\/www.salt-harvesting-machine.com\/az\/author\/admin"},"comment_info":"","_links":{"self":[{"href":"https:\/\/www.salt-harvesting-machine.com\/az\/wp-json\/wp\/v2\/pages\/151","targetHints":{"allow":["GET"]}}],"collection":[{"href":"https:\/\/www.salt-harvesting-machine.com\/az\/wp-json\/wp\/v2\/pages"}],"about":[{"href":"https:\/\/www.salt-harvesting-machine.com\/az\/wp-json\/wp\/v2\/types\/page"}],"author":[{"embeddable":true,"href":"https:\/\/www.salt-harvesting-machine.com\/az\/wp-json\/wp\/v2\/users\/1"}],"replies":[{"embeddable":true,"href":"https:\/\/www.salt-harvesting-machine.com\/az\/wp-json\/wp\/v2\/comments?post=151"}],"version-history":[{"count":0,"href":"https:\/\/www.salt-harvesting-machine.com\/az\/wp-json\/wp\/v2\/pages\/151\/revisions"}],"wp:attachment":[{"href":"https:\/\/www.salt-harvesting-machine.com\/az\/wp-json\/wp\/v2\/media?parent=151"}],"curies":[{"name":"wp","href":"https:\/\/api.w.org\/{rel}","templated":true}]}}