{"id":13,"date":"2018-10-31T01:34:22","date_gmt":"2018-10-31T01:34:22","guid":{"rendered":"https:\/\/www.salt-harvesting-machine.com\/?page_id=13"},"modified":"2018-11-01T09:21:03","modified_gmt":"2018-11-01T09:21:03","slug":"about-us","status":"publish","type":"page","link":"https:\/\/www.salt-harvesting-machine.com\/es\/acerca-de-nosotros","title":{"rendered":"Qui\u00e9nes somos"},"content":{"rendered":"<p class=\"translation-block\"><strong>Ubicaci\u00f3n de nuestra empresa<\/strong><\/p> <p class=\"translation-block\">Zhengzhou Shuliy Machinery Co., Ltd\u00a0is a well-known\u00a0enterprise that integrates scientific research, development, design, manufacturing and sales as a whole. It is located in Zhengzhou Economic and Technological Development Zone,which\u00a0is a commercial and economic center,\u00a0mainly engaging\u00a0in the import and export of mechanical equipment .Here is empowered with more than 300 employees all motivated with the joy of working as a family.<br \/> <img decoding=\"async\" src=\"http:\/\/www.meatprocessingmachine.org\/wp-content\/uploads\/2018\/10\/aboutus-1.jpg\" alt=\"shuliy\" title=\"\"><br \/> <strong>Our R&amp;D Ability<\/strong><\/p> <p>Siempre hemos cre\u00eddo firmemente que la tecnolog\u00eda es la principal fuerza productiva. Guiados por este concepto, hemos realizado grandes inversiones en la contrataci\u00f3n de muchos expertos mec\u00e1nicos destacados como nuestros consultores, por lo que tenemos una excelente capacidad para investigar y desarrollar nuevos productos y mejorar la calidad de la maquinaria tradicional.<\/p> <p class=\"translation-block\"><strong>Nuestro control de calidad y servicio<\/strong><\/p> <p>Gracias a una plantilla bien formada, un estricto sistema de control de calidad, una gesti\u00f3n optimizada de todo el proceso de producci\u00f3n y un perfecto sistema de servicio postventa, nuestros productos y servicios gozan de gran prestigio entre los clientes nacionales y extranjeros. Bas\u00e1ndonos en el principio de orientaci\u00f3n a la calidad, buena reputaci\u00f3n y el cliente primero, tenemos fe para crear productos de alta calidad entre las industrias pertinentes y hacer un gran rendimiento para ages.We est\u00e1n muy dedicados a proporcionar productos de primera calidad y un servicio satisfecho a todos los clientes, y esperamos con inter\u00e9s la cooperaci\u00f3n sincera con ellos para un futuro brillante. El objetivo de nuestra empresa es innovar en la pr\u00e1ctica y ofrecer una garant\u00eda fiable desde la producci\u00f3n hasta la venta. Nuestra declaraci\u00f3n de calidad se reduce a una sola palabra - compromiso - con la agricultura, los agricultores y los consumidores de productos, que nos esforzamos por cumplir cada d\u00eda.<\/p>","protected":false},"excerpt":{"rendered":"<p>Nuestra ubicaci\u00f3n de la empresa Zhengzhou Shuliy Machinery Co., Ltd es una empresa bien conocida que integra la investigaci\u00f3n cient\u00edfica, el desarrollo, el dise\u00f1o, la fabricaci\u00f3n y las ventas como un todo. Est\u00e1 ubicada en la Zona de Desarrollo Econ\u00f3mico y Tecnol\u00f3gico de Zhengzhou, que es un centro comercial y econ\u00f3mico, dedic\u00e1ndose principalmente a la importaci\u00f3n y exportaci\u00f3n de equipos mec\u00e1nicos. Aqu\u00ed contamos con m\u00e1s de 300 empleados, todos motivados...<\/p>","protected":false},"author":1,"featured_media":0,"parent":0,"menu_order":0,"comment_status":"open","ping_status":"closed","template":"","meta":{"_kad_blocks_custom_css":"","_kad_blocks_head_custom_js":"","_kad_blocks_body_custom_js":"","_kad_blocks_footer_custom_js":"","_kadence_starter_templates_imported_post":false,"_kad_post_transparent":"","_kad_post_title":"","_kad_post_layout":"","_kad_post_sidebar_id":"","_kad_post_content_style":"","_kad_post_vertical_padding":"","_kad_post_feature":"","_kad_post_feature_position":"","_kad_post_header":false,"_kad_post_footer":false,"_kad_post_classname":"","footnotes":""},"class_list":["post-13","page","type-page","status-publish","hentry"],"taxonomy_info":[],"featured_image_src_large":false,"author_info":{"display_name":"Salt-Harvester","author_link":"https:\/\/www.salt-harvesting-machine.com\/es\/author\/admin"},"comment_info":"","_links":{"self":[{"href":"https:\/\/www.salt-harvesting-machine.com\/es\/wp-json\/wp\/v2\/pages\/13","targetHints":{"allow":["GET"]}}],"collection":[{"href":"https:\/\/www.salt-harvesting-machine.com\/es\/wp-json\/wp\/v2\/pages"}],"about":[{"href":"https:\/\/www.salt-harvesting-machine.com\/es\/wp-json\/wp\/v2\/types\/page"}],"author":[{"embeddable":true,"href":"https:\/\/www.salt-harvesting-machine.com\/es\/wp-json\/wp\/v2\/users\/1"}],"replies":[{"embeddable":true,"href":"https:\/\/www.salt-harvesting-machine.com\/es\/wp-json\/wp\/v2\/comments?post=13"}],"version-history":[{"count":0,"href":"https:\/\/www.salt-harvesting-machine.com\/es\/wp-json\/wp\/v2\/pages\/13\/revisions"}],"wp:attachment":[{"href":"https:\/\/www.salt-harvesting-machine.com\/es\/wp-json\/wp\/v2\/media?parent=13"}],"curies":[{"name":"wp","href":"https:\/\/api.w.org\/{rel}","templated":true}]}}