{"id":151,"date":"2019-06-19T01:55:41","date_gmt":"2019-06-19T01:55:41","guid":{"rendered":"https:\/\/www.salt-harvesting-machine.com\/?page_id=151"},"modified":"2019-06-19T01:57:41","modified_gmt":"2019-06-19T01:57:41","slug":"new-design-salt-harvester-salt-collector-for-quick-collection-of-sea-salt","status":"publish","type":"page","link":"https:\/\/www.salt-harvesting-machine.com\/es\/new-design-salt-harvester-salt-collector-for-quick-collection-of-sea-salt","title":{"rendered":"Recolector de sal de nuevo dise\u00f1o para la recogida r\u00e1pida de sal marina"},"content":{"rendered":"<p class=\"translation-block\">Para la recolecci\u00f3n de sal marina en los grandes campos de sal marina, el <strong><b>recolector de sal Shuliy <\/b><\/strong>ser\u00e1 una buena opci\u00f3n para usted. La maquinaria Shuliy est\u00e1 especializada en el dise\u00f1o y la fabricaci\u00f3n de m\u00e1quinas recolectoras de sal desde hace m\u00e1s de 10 a\u00f1os, por lo que no solo puede proporcionar el mejor <strong><b>recolector de sal<\/b><\/strong>, sino tambi\u00e9n el equipo de apoyo.<\/p> <h2><strong><b>Principales ventajas de la cosechadora de sal<\/b><\/strong><\/h2> <figure id=\"attachment_27\" aria-describedby=\"caption-attachment-27\" style=\"width: 300px\" class=\"wp-caption aligncenter\"><img loading=\"lazy\" decoding=\"async\" class=\"size-medium wp-image-27\" src=\"https:\/\/www.salt-harvesting-machine.com\/wp-content\/uploads\/2018\/10\/salt-collecting-machine13a-300x300.jpg\" alt=\"m\u00e1quina recolectora de sal\" width=\"300\" height=\"300\" title=\"\" srcset=\"https:\/\/www.salt-harvesting-machine.com\/wp-content\/uploads\/2018\/10\/salt-collecting-machine13a-300x300.jpg 300w, https:\/\/www.salt-harvesting-machine.com\/wp-content\/uploads\/2018\/10\/salt-collecting-machine13a-150x150.jpg 150w, https:\/\/www.salt-harvesting-machine.com\/wp-content\/uploads\/2018\/10\/salt-collecting-machine13a.jpg 500w\" sizes=\"auto, (max-width: 300px) 100vw, 300px\" \/><figcaption id=\"caption-attachment-27\" class=\"wp-caption-text\">M\u00e1quina recolectora de sal<\/figcaption><\/figure> <p>El alcance de la m\u00e1quina recolectora de sal es muy amplio, y puede utilizarse para la operaci\u00f3n de recolecci\u00f3n de sal junto con la tuber\u00eda de conservaci\u00f3n de agua, y tambi\u00e9n puede realizar operaciones como escoria viva y tracci\u00f3n. La m\u00e1quina recolectora de sal utiliza una oruga de goma para caminar, y la ventaja de utilizar la oruga para caminar es que la m\u00e1quina recolectora de sal se puede conducir sin destruir la placa de la piscina.<\/p> <p><img loading=\"lazy\" decoding=\"async\" class=\"size-medium wp-image-59 aligncenter\" src=\"https:\/\/www.salt-harvesting-machine.com\/wp-content\/uploads\/2018\/10\/Salt-pool-press-machine5-300x300.jpg\" alt=\"\" width=\"300\" height=\"300\" title=\"\" srcset=\"https:\/\/www.salt-harvesting-machine.com\/wp-content\/uploads\/2018\/10\/Salt-pool-press-machine5-300x300.jpg 300w, https:\/\/www.salt-harvesting-machine.com\/wp-content\/uploads\/2018\/10\/Salt-pool-press-machine5-150x150.jpg 150w, https:\/\/www.salt-harvesting-machine.com\/wp-content\/uploads\/2018\/10\/Salt-pool-press-machine5.jpg 600w\" sizes=\"auto, (max-width: 300px) 100vw, 300px\" \/><\/p> <p class=\"translation-block\">La m\u00e1quina recolectora de sal tambi\u00e9n adopta transmisi\u00f3n hidr\u00e1ulica, cambio de marchas hidr\u00e1ulico, estandarizaci\u00f3n de piezas y un alto grado de generalizaci\u00f3n, lo que hace que la m\u00e1quina recolectora de sal sea m\u00e1s c\u00f3moda y sencilla de operar. La <strong><b>m\u00e1quina recolectora de sal<\/b><\/strong> puede completar las operaciones de recolecci\u00f3n de sal, escoria en vivo y tracci\u00f3n en una sola m\u00e1quina, y la tasa de utilizaci\u00f3n de la sal marina es alta.<\/p> <h2><strong><b>\u00bfPor qu\u00e9 elegir la cosechadora de sal Shuliy?<\/b><\/strong><\/h2> <figure id=\"attachment_78\" aria-describedby=\"caption-attachment-78\" style=\"width: 300px\" class=\"wp-caption aligncenter\"><img loading=\"lazy\" decoding=\"async\" class=\"size-medium wp-image-78\" src=\"https:\/\/www.salt-harvesting-machine.com\/wp-content\/uploads\/2018\/10\/salt-collecting-machine09-300x300.jpg\" alt=\"m\u00e1quina recolectora de sal\" width=\"300\" height=\"300\" title=\"\" srcset=\"https:\/\/www.salt-harvesting-machine.com\/wp-content\/uploads\/2018\/10\/salt-collecting-machine09-300x300.jpg 300w, https:\/\/www.salt-harvesting-machine.com\/wp-content\/uploads\/2018\/10\/salt-collecting-machine09-150x150.jpg 150w, https:\/\/www.salt-harvesting-machine.com\/wp-content\/uploads\/2018\/10\/salt-collecting-machine09.jpg 500w\" sizes=\"auto, (max-width: 300px) 100vw, 300px\" \/><figcaption id=\"caption-attachment-78\" class=\"wp-caption-text\">M\u00e1quina recolectora de sal<\/figcaption><\/figure> <h3>1.Buen servicio postventa de la producci\u00f3n de sal<\/h3> <p>Un buen servicio post-venta es la base del desarrollo sostenible de la empresa. Los usuarios urgentes est\u00e1n ansiosos, pensando que los usuarios piensan es una base s\u00f3lida para la cooperaci\u00f3n de nuevo. Nuestra empresa ha establecido un buen sistema de servicio post-venta, que puede proporcionar apoyo t\u00e9cnico regular para las visitas de retorno de los usuarios y los servicios de toda la vida.<\/p> <h3>2.<strong><b>Equipos de recolecci\u00f3n de sal <\/b><\/strong>calidad<\/h3> <p><img loading=\"lazy\" decoding=\"async\" class=\"size-full wp-image-101 aligncenter\" src=\"https:\/\/www.salt-harvesting-machine.com\/wp-content\/uploads\/2018\/11\/5.jpg\" alt=\"\" width=\"750\" height=\"520\" title=\"\"><\/p> <p>La calidad es la responsabilidad social de la empresa y la vida de la empresa. Perseguir la perfecci\u00f3n es una base s\u00f3lida para construir la empresa. Nuestra empresa introduce un avanzado modo de gesti\u00f3n de la producci\u00f3n, controla el flujo de agua y no deja escapar ning\u00fan producto. \"Basado en la integridad, innovador y progresista\" y la filosof\u00eda corporativa de la empresa es la base para el desarrollo sostenido y constante de la empresa.<\/p> <h3>3. Dise\u00f1o pr\u00e1ctico <strong><b>m\u00e1quina recolectora de sal <\/b><\/strong>casos<\/h3> <p>Los productos de la empresa se venden bien en docenas de provincias, municipios y regiones aut\u00f3nomas de todo el pa\u00eds, y son utilizados por docenas de fabricantes nacionales y extranjeros de renombre. Nuestra empresa cuenta con avanzados equipos de producci\u00f3n y una rica experiencia en gesti\u00f3n, presta atenci\u00f3n al desarrollo tecnol\u00f3gico y la actualizaci\u00f3n de productos, y se esfuerza por ofrecer a los usuarios equipos profesionales mejores y m\u00e1s avanzados.<\/p>","protected":false},"excerpt":{"rendered":"<p>Para recoger la sal marina en los grandes campos de sal marina, la cosechadora de sal Shuliy ser\u00e1 una buena opci\u00f3n para usted. La maquinaria Shuliy est\u00e1 especializada en el dise\u00f1o y fabricaci\u00f3n de m\u00e1quinas para la cosecha de sal durante m\u00e1s de 10 a\u00f1os, por lo que no solo puede proporcionar el mejor recolector de sal, sino que tambi\u00e9n puede proporcionar el equipo de apoyo. Principalmente...<\/p>","protected":false},"author":1,"featured_media":0,"parent":0,"menu_order":0,"comment_status":"closed","ping_status":"closed","template":"","meta":{"_kad_blocks_custom_css":"","_kad_blocks_head_custom_js":"","_kad_blocks_body_custom_js":"","_kad_blocks_footer_custom_js":"","_kadence_starter_templates_imported_post":false,"_kad_post_transparent":"","_kad_post_title":"","_kad_post_layout":"","_kad_post_sidebar_id":"","_kad_post_content_style":"","_kad_post_vertical_padding":"","_kad_post_feature":"","_kad_post_feature_position":"","_kad_post_header":false,"_kad_post_footer":false,"_kad_post_classname":"","footnotes":""},"class_list":["post-151","page","type-page","status-publish","hentry"],"taxonomy_info":[],"featured_image_src_large":false,"author_info":{"display_name":"Salt-Harvester","author_link":"https:\/\/www.salt-harvesting-machine.com\/es\/author\/admin"},"comment_info":"","_links":{"self":[{"href":"https:\/\/www.salt-harvesting-machine.com\/es\/wp-json\/wp\/v2\/pages\/151","targetHints":{"allow":["GET"]}}],"collection":[{"href":"https:\/\/www.salt-harvesting-machine.com\/es\/wp-json\/wp\/v2\/pages"}],"about":[{"href":"https:\/\/www.salt-harvesting-machine.com\/es\/wp-json\/wp\/v2\/types\/page"}],"author":[{"embeddable":true,"href":"https:\/\/www.salt-harvesting-machine.com\/es\/wp-json\/wp\/v2\/users\/1"}],"replies":[{"embeddable":true,"href":"https:\/\/www.salt-harvesting-machine.com\/es\/wp-json\/wp\/v2\/comments?post=151"}],"version-history":[{"count":0,"href":"https:\/\/www.salt-harvesting-machine.com\/es\/wp-json\/wp\/v2\/pages\/151\/revisions"}],"wp:attachment":[{"href":"https:\/\/www.salt-harvesting-machine.com\/es\/wp-json\/wp\/v2\/media?parent=151"}],"curies":[{"name":"wp","href":"https:\/\/api.w.org\/{rel}","templated":true}]}}