{"id":151,"date":"2019-06-19T01:55:41","date_gmt":"2019-06-19T01:55:41","guid":{"rendered":"https:\/\/www.salt-harvesting-machine.com\/?page_id=151"},"modified":"2019-06-19T01:57:41","modified_gmt":"2019-06-19T01:57:41","slug":"new-design-salt-harvester-salt-collector-for-quick-collection-of-sea-salt","status":"publish","type":"page","link":"https:\/\/www.salt-harvesting-machine.com\/fr\/new-design-salt-harvester-salt-collector-for-quick-collection-of-sea-salt","title":{"rendered":"Nouveau collecteur de sel pour une collecte rapide du sel de mer"},"content":{"rendered":"<p class=\"translation-block\">Pour la collecte du sel marin dans les grands marais salants, la <strong><b>moissonneuse de sel <\/b><\/strong>Shuliy sera un bon choix pour vous. La machinerie Shuliy est sp\u00e9cialis\u00e9e dans la conception et la fabrication de machines de r\u00e9colte de sel depuis plus de 10 ans, elle peut donc non seulement fournir le meilleur <strong><b>collecteur de sel<\/b><\/strong>, mais aussi fournir l'\u00e9quipement de support.<\/p> <h2><strong><b>Principaux avantages de la r\u00e9colteuse de sel<\/b><\/strong><\/h2> <figure id=\"attachment_27\" aria-describedby=\"caption-attachment-27\" style=\"width: 300px\" class=\"wp-caption aligncenter\"><img loading=\"lazy\" decoding=\"async\" class=\"size-medium wp-image-27\" src=\"https:\/\/www.salt-harvesting-machine.com\/wp-content\/uploads\/2018\/10\/salt-collecting-machine13a-300x300.jpg\" alt=\"machine \u00e0 recueillir le sel\" width=\"300\" height=\"300\" title=\"\" srcset=\"https:\/\/www.salt-harvesting-machine.com\/wp-content\/uploads\/2018\/10\/salt-collecting-machine13a-300x300.jpg 300w, https:\/\/www.salt-harvesting-machine.com\/wp-content\/uploads\/2018\/10\/salt-collecting-machine13a-150x150.jpg 150w, https:\/\/www.salt-harvesting-machine.com\/wp-content\/uploads\/2018\/10\/salt-collecting-machine13a.jpg 500w\" sizes=\"auto, (max-width: 300px) 100vw, 300px\" \/><figcaption id=\"caption-attachment-27\" class=\"wp-caption-text\">Machine \u00e0 recueillir le sel<\/figcaption><\/figure> <p>Le champ d'application de la machine de collecte de sel est tr\u00e8s large, et elle peut \u00eatre utilis\u00e9e pour l'op\u00e9ration de collecte de sel en conjonction avec la canalisation de conservation de l'eau, et peut \u00e9galement effectuer des op\u00e9rations telles que les scories vivantes et la traction. La machine de collecte du sel utilise une chenille en caoutchouc pour marcher, et l'avantage de l'utilisation de la marche \u00e0 chenilles est que la machine de collecte du sel peut \u00eatre entra\u00een\u00e9e sans d\u00e9truire la plaque de la piscine.<\/p> <p><img loading=\"lazy\" decoding=\"async\" class=\"size-medium wp-image-59 aligncenter\" src=\"https:\/\/www.salt-harvesting-machine.com\/wp-content\/uploads\/2018\/10\/Salt-pool-press-machine5-300x300.jpg\" alt=\"\" width=\"300\" height=\"300\" title=\"\" srcset=\"https:\/\/www.salt-harvesting-machine.com\/wp-content\/uploads\/2018\/10\/Salt-pool-press-machine5-300x300.jpg 300w, https:\/\/www.salt-harvesting-machine.com\/wp-content\/uploads\/2018\/10\/Salt-pool-press-machine5-150x150.jpg 150w, https:\/\/www.salt-harvesting-machine.com\/wp-content\/uploads\/2018\/10\/Salt-pool-press-machine5.jpg 600w\" sizes=\"auto, (max-width: 300px) 100vw, 300px\" \/><\/p> <p class=\"translation-block\">La machine de collecte de sel adopte \u00e9galement une transmission hydraulique, un changement de vitesse motoris\u00e9, la standardisation des pi\u00e8ces et un haut degr\u00e9 de g\u00e9n\u00e9ralisation, ce qui rend la machine de collecte de sel plus pratique et simple \u00e0 utiliser. La <strong><b>machine de collecte de sel<\/b><\/strong> peut effectuer les op\u00e9rations de collecte de sel, de d\u00e9charge de scories et de traction en une seule machine, et le taux d'utilisation du sel marin est \u00e9lev\u00e9.<\/p> <h2><strong><b>Pourquoi choisir la moissonneuse-batteuse Shuliy ?<\/b><\/strong><\/h2> <figure id=\"attachment_78\" aria-describedby=\"caption-attachment-78\" style=\"width: 300px\" class=\"wp-caption aligncenter\"><img loading=\"lazy\" decoding=\"async\" class=\"size-medium wp-image-78\" src=\"https:\/\/www.salt-harvesting-machine.com\/wp-content\/uploads\/2018\/10\/salt-collecting-machine09-300x300.jpg\" alt=\"machine \u00e0 recueillir le sel\" width=\"300\" height=\"300\" title=\"\" srcset=\"https:\/\/www.salt-harvesting-machine.com\/wp-content\/uploads\/2018\/10\/salt-collecting-machine09-300x300.jpg 300w, https:\/\/www.salt-harvesting-machine.com\/wp-content\/uploads\/2018\/10\/salt-collecting-machine09-150x150.jpg 150w, https:\/\/www.salt-harvesting-machine.com\/wp-content\/uploads\/2018\/10\/salt-collecting-machine09.jpg 500w\" sizes=\"auto, (max-width: 300px) 100vw, 300px\" \/><figcaption id=\"caption-attachment-78\" class=\"wp-caption-text\">Machine \u00e0 recueillir le sel<\/figcaption><\/figure> <h3>1. un bon service apr\u00e8s-vente pour la production de sel<\/h3> <p>Un bon service apr\u00e8s-vente est le fondement du d\u00e9veloppement durable de l'entreprise. Les utilisateurs urgents sont anxieux, et le fait que les utilisateurs pensent que c'est une base solide pour une nouvelle coop\u00e9ration. Notre soci\u00e9t\u00e9 a mis en place un bon syst\u00e8me de service apr\u00e8s-vente, qui peut fournir une assistance technique r\u00e9guli\u00e8re pour les visites de retour des utilisateurs et des services \u00e0 vie.<\/p> <h3>2.<strong><b>Mat\u00e9riel de r\u00e9colte du sel <\/b><\/strong>qualit\u00e9<\/h3> <p><img loading=\"lazy\" decoding=\"async\" class=\"size-full wp-image-101 aligncenter\" src=\"https:\/\/www.salt-harvesting-machine.com\/wp-content\/uploads\/2018\/11\/5.jpg\" alt=\"\" width=\"750\" height=\"520\" title=\"\"><\/p> <p>La qualit\u00e9 est la responsabilit\u00e9 sociale de l'entreprise et sa raison d'\u00eatre. La recherche de la perfection est une base solide pour la construction de l'entreprise. Notre entreprise introduit un mode de gestion de la production avanc\u00e9, surveille l'\u00e9coulement de l'eau et n'abandonne aucun produit. \"La philosophie de l'entreprise, bas\u00e9e sur l'int\u00e9grit\u00e9, l'innovation et le progr\u00e8s, constitue la base du d\u00e9veloppement durable et r\u00e9gulier de l'entreprise.<\/p> <h3>3.Conception pratique <strong><b>machine de r\u00e9colte du sel <\/b><\/strong>cas<\/h3> <p>Les produits de la soci\u00e9t\u00e9 se vendent bien dans des dizaines de provinces, municipalit\u00e9s et r\u00e9gions autonomes du pays et sont utilis\u00e9s par des dizaines de fabricants nationaux et \u00e9trangers de renom. Notre soci\u00e9t\u00e9 s'appuie sur des \u00e9quipements de production avanc\u00e9s et une riche exp\u00e9rience en mati\u00e8re de gestion. Elle est attentive au d\u00e9veloppement technologique et \u00e0 la mise \u00e0 niveau des produits et s'efforce de fournir aux utilisateurs des \u00e9quipements professionnels de meilleure qualit\u00e9 et plus avanc\u00e9s.<\/p>","protected":false},"excerpt":{"rendered":"<p>For collecting the sea salt in the large sea salt fields, Shuliy salt harvester will be a good choice for you. Shuliy machinery is specialized in the salt harvesting machine designing and manufacturing for more than 10 years so that can not only provide the best salt collector\u00a0but also can provide the supporting equipment. Main&#8230;<\/p>","protected":false},"author":1,"featured_media":0,"parent":0,"menu_order":0,"comment_status":"closed","ping_status":"closed","template":"","meta":{"_kad_blocks_custom_css":"","_kad_blocks_head_custom_js":"","_kad_blocks_body_custom_js":"","_kad_blocks_footer_custom_js":"","_kadence_starter_templates_imported_post":false,"_kad_post_transparent":"","_kad_post_title":"","_kad_post_layout":"","_kad_post_sidebar_id":"","_kad_post_content_style":"","_kad_post_vertical_padding":"","_kad_post_feature":"","_kad_post_feature_position":"","_kad_post_header":false,"_kad_post_footer":false,"_kad_post_classname":"","footnotes":""},"class_list":["post-151","page","type-page","status-publish","hentry"],"taxonomy_info":[],"featured_image_src_large":false,"author_info":{"display_name":"Salt-Harvester","author_link":"https:\/\/www.salt-harvesting-machine.com\/fr\/author\/admin"},"comment_info":"","_links":{"self":[{"href":"https:\/\/www.salt-harvesting-machine.com\/fr\/wp-json\/wp\/v2\/pages\/151","targetHints":{"allow":["GET"]}}],"collection":[{"href":"https:\/\/www.salt-harvesting-machine.com\/fr\/wp-json\/wp\/v2\/pages"}],"about":[{"href":"https:\/\/www.salt-harvesting-machine.com\/fr\/wp-json\/wp\/v2\/types\/page"}],"author":[{"embeddable":true,"href":"https:\/\/www.salt-harvesting-machine.com\/fr\/wp-json\/wp\/v2\/users\/1"}],"replies":[{"embeddable":true,"href":"https:\/\/www.salt-harvesting-machine.com\/fr\/wp-json\/wp\/v2\/comments?post=151"}],"version-history":[{"count":0,"href":"https:\/\/www.salt-harvesting-machine.com\/fr\/wp-json\/wp\/v2\/pages\/151\/revisions"}],"wp:attachment":[{"href":"https:\/\/www.salt-harvesting-machine.com\/fr\/wp-json\/wp\/v2\/media?parent=151"}],"curies":[{"name":"wp","href":"https:\/\/api.w.org\/{rel}","templated":true}]}}