{"id":151,"date":"2019-06-19T01:55:41","date_gmt":"2019-06-19T01:55:41","guid":{"rendered":"https:\/\/www.salt-harvesting-machine.com\/?page_id=151"},"modified":"2019-06-19T01:57:41","modified_gmt":"2019-06-19T01:57:41","slug":"new-design-salt-harvester-salt-collector-for-quick-collection-of-sea-salt","status":"publish","type":"page","link":"https:\/\/www.salt-harvesting-machine.com\/pt\/new-design-salt-harvester-salt-collector-for-quick-collection-of-sea-salt","title":{"rendered":"Colhedor de sal de novo design \/ coletor de sal para coleta r\u00e1pida de sal marinho"},"content":{"rendered":"<p class=\"translation-block\">Para a recolha de sal marinho nos grandes campos de sal, a Shuliy <strong><b>colhedor de sal<\/b><\/strong> ser\u00e1 uma boa escolha para si. A maquinaria Shuliy \u00e9 especializada no desenho e fabrico de m\u00e1quinas de colheita de sal h\u00e1 mais de 10 anos, de modo que n\u00e3o s\u00f3 pode fornecer o melhor <strong><b>colecionador de sal<\/b><\/strong>, mas tamb\u00e9m pode fornecer o equipamento de apoio.<\/p> <h2><strong><b>Principais vantagens da colhedora de sal<\/b><\/strong><\/h2> <figure id=\"attachment_27\" aria-describedby=\"caption-attachment-27\" style=\"width: 300px\" class=\"wp-caption aligncenter\"><img loading=\"lazy\" decoding=\"async\" class=\"size-medium wp-image-27\" src=\"https:\/\/www.salt-harvesting-machine.com\/wp-content\/uploads\/2018\/10\/salt-collecting-machine13a-300x300.jpg\" alt=\"m\u00e1quina de coleta de sal\" width=\"300\" height=\"300\" title=\"\" srcset=\"https:\/\/www.salt-harvesting-machine.com\/wp-content\/uploads\/2018\/10\/salt-collecting-machine13a-300x300.jpg 300w, https:\/\/www.salt-harvesting-machine.com\/wp-content\/uploads\/2018\/10\/salt-collecting-machine13a-150x150.jpg 150w, https:\/\/www.salt-harvesting-machine.com\/wp-content\/uploads\/2018\/10\/salt-collecting-machine13a.jpg 500w\" sizes=\"auto, (max-width: 300px) 100vw, 300px\" \/><figcaption id=\"caption-attachment-27\" class=\"wp-caption-text\">M\u00e1quina de Coleta de Sal<\/figcaption><\/figure> <p>O alcance da m\u00e1quina de coleta de sal \u00e9 muito amplo, podendo ser utilizada para a opera\u00e7\u00e3o de coleta de sal em conjunto com o pipeline de conserva\u00e7\u00e3o de \u00e1gua, e tamb\u00e9m pode realizar opera\u00e7\u00f5es como remo\u00e7\u00e3o de esc\u00f3ria e tra\u00e7\u00e3o. A m\u00e1quina de coleta de sal utiliza um esteira de borracha para se mover, e a vantagem de usar a esteira \u00e9 que a m\u00e1quina de coleta de sal pode ser acionada sem destruir a placa da piscina.<\/p> <p><img loading=\"lazy\" decoding=\"async\" class=\"size-medium wp-image-59 aligncenter\" src=\"https:\/\/www.salt-harvesting-machine.com\/wp-content\/uploads\/2018\/10\/Salt-pool-press-machine5-300x300.jpg\" alt=\"\" width=\"300\" height=\"300\" title=\"\" srcset=\"https:\/\/www.salt-harvesting-machine.com\/wp-content\/uploads\/2018\/10\/Salt-pool-press-machine5-300x300.jpg 300w, https:\/\/www.salt-harvesting-machine.com\/wp-content\/uploads\/2018\/10\/Salt-pool-press-machine5-150x150.jpg 150w, https:\/\/www.salt-harvesting-machine.com\/wp-content\/uploads\/2018\/10\/Salt-pool-press-machine5.jpg 600w\" sizes=\"auto, (max-width: 300px) 100vw, 300px\" \/><\/p> <p class=\"translation-block\">A m\u00e1quina de recolha de sal tamb\u00e9m utiliza transmiss\u00e3o hidr\u00e1ulica, mudan\u00e7a de pot\u00eancia, padroniza\u00e7\u00e3o de pe\u00e7as e um elevado grau de generaliza\u00e7\u00e3o, o que torna a m\u00e1quina de recolha de sal mais conveniente e simples de operar. A <strong><b>m\u00e1quina de recolha de sal<\/b><\/strong> pode completar as opera\u00e7\u00f5es de recolha de sal, esc\u00f3ria viva e trac\u00e7\u00e3o numa \u00fanica m\u00e1quina, e a taxa de utiliza\u00e7\u00e3o do sal marinho \u00e9 elevada.<\/p> <h2><strong><b>Por que escolher a m\u00e1quina combinada de colheita de sal Shuliy?<\/b><\/strong><\/h2> <figure id=\"attachment_78\" aria-describedby=\"caption-attachment-78\" style=\"width: 300px\" class=\"wp-caption aligncenter\"><img loading=\"lazy\" decoding=\"async\" class=\"size-medium wp-image-78\" src=\"https:\/\/www.salt-harvesting-machine.com\/wp-content\/uploads\/2018\/10\/salt-collecting-machine09-300x300.jpg\" alt=\"m\u00e1quina de coleta de sal\" width=\"300\" height=\"300\" title=\"\" srcset=\"https:\/\/www.salt-harvesting-machine.com\/wp-content\/uploads\/2018\/10\/salt-collecting-machine09-300x300.jpg 300w, https:\/\/www.salt-harvesting-machine.com\/wp-content\/uploads\/2018\/10\/salt-collecting-machine09-150x150.jpg 150w, https:\/\/www.salt-harvesting-machine.com\/wp-content\/uploads\/2018\/10\/salt-collecting-machine09.jpg 500w\" sizes=\"auto, (max-width: 300px) 100vw, 300px\" \/><figcaption id=\"caption-attachment-78\" class=\"wp-caption-text\">M\u00e1quina de Coleta de Sal<\/figcaption><\/figure> <h3>1. Bom servi\u00e7o p\u00f3s-venda da produ\u00e7\u00e3o de sal<\/h3> <p>Um bom servi\u00e7o p\u00f3s-venda \u00e9 a base do desenvolvimento sustent\u00e1vel da empresa. Os usu\u00e1rios urgentes est\u00e3o ansiosos, pensando que o que os usu\u00e1rios pensam \u00e9 uma base s\u00f3lida para a coopera\u00e7\u00e3o novamente. Nossa empresa estabeleceu um bom sistema de servi\u00e7o p\u00f3s-venda, que pode fornecer suporte t\u00e9cnico regular para as visitas de retorno dos usu\u00e1rios e servi\u00e7os vital\u00edcios.<\/p> <h3>2.<strong><b>equipamento de colheita de sal <\/b><\/strong>qualidade<\/h3> <p><img loading=\"lazy\" decoding=\"async\" class=\"size-full wp-image-101 aligncenter\" src=\"https:\/\/www.salt-harvesting-machine.com\/wp-content\/uploads\/2018\/11\/5.jpg\" alt=\"\" width=\"750\" height=\"520\" title=\"\"><\/p> <p>A qualidade \u00e9 a responsabilidade social da empresa e a vida da empresa. A busca pela perfei\u00e7\u00e3o \u00e9 uma base s\u00f3lida para a constru\u00e7\u00e3o da empresa. A nossa empresa introduz um modo avan\u00e7ado de gest\u00e3o de produ\u00e7\u00e3o, monitora o fluxo de \u00e1gua e n\u00e3o deixa passar nenhum produto. \"Baseada na integridade, inovadora e progressista\" e a filosofia corporativa da empresa \u00e9 a base para o desenvolvimento sustentado e est\u00e1vel da empresa.<\/p> <h3>3. Design pr\u00e1tico <strong><b>m\u00e1quina de colheita de sal <\/b><\/strong>casos<\/h3> <p>Os produtos da empresa vendem bem em dezenas de prov\u00edncias, munic\u00edpios e regi\u00f5es aut\u00f3nomas em todo o pa\u00eds, e s\u00e3o utilizados por dezenas de fabricantes conhecidos, tanto nacionais como estrangeiros. A nossa empresa baseia-se em equipamentos de produ\u00e7\u00e3o avan\u00e7ados e numa rica experi\u00eancia de gest\u00e3o, d\u00e1 aten\u00e7\u00e3o ao desenvolvimento tecnol\u00f3gico e \u00e0 atualiza\u00e7\u00e3o de produtos, e esfor\u00e7a-se para fornecer aos usu\u00e1rios equipamentos profissionais melhores e mais avan\u00e7ados.<\/p>","protected":false},"excerpt":{"rendered":"<p>For collecting the sea salt in the large sea salt fields, Shuliy salt harvester will be a good choice for you. Shuliy machinery is specialized in the salt harvesting machine designing and manufacturing for more than 10 years so that can not only provide the best salt collector\u00a0but also can provide the supporting equipment. Main&#8230;<\/p>","protected":false},"author":1,"featured_media":0,"parent":0,"menu_order":0,"comment_status":"closed","ping_status":"closed","template":"","meta":{"_kad_blocks_custom_css":"","_kad_blocks_head_custom_js":"","_kad_blocks_body_custom_js":"","_kad_blocks_footer_custom_js":"","_kadence_starter_templates_imported_post":false,"_kad_post_transparent":"","_kad_post_title":"","_kad_post_layout":"","_kad_post_sidebar_id":"","_kad_post_content_style":"","_kad_post_vertical_padding":"","_kad_post_feature":"","_kad_post_feature_position":"","_kad_post_header":false,"_kad_post_footer":false,"_kad_post_classname":"","footnotes":""},"class_list":["post-151","page","type-page","status-publish","hentry"],"taxonomy_info":[],"featured_image_src_large":false,"author_info":{"display_name":"Salt-Harvester","author_link":"https:\/\/www.salt-harvesting-machine.com\/pt\/author\/admin"},"comment_info":"","_links":{"self":[{"href":"https:\/\/www.salt-harvesting-machine.com\/pt\/wp-json\/wp\/v2\/pages\/151","targetHints":{"allow":["GET"]}}],"collection":[{"href":"https:\/\/www.salt-harvesting-machine.com\/pt\/wp-json\/wp\/v2\/pages"}],"about":[{"href":"https:\/\/www.salt-harvesting-machine.com\/pt\/wp-json\/wp\/v2\/types\/page"}],"author":[{"embeddable":true,"href":"https:\/\/www.salt-harvesting-machine.com\/pt\/wp-json\/wp\/v2\/users\/1"}],"replies":[{"embeddable":true,"href":"https:\/\/www.salt-harvesting-machine.com\/pt\/wp-json\/wp\/v2\/comments?post=151"}],"version-history":[{"count":0,"href":"https:\/\/www.salt-harvesting-machine.com\/pt\/wp-json\/wp\/v2\/pages\/151\/revisions"}],"wp:attachment":[{"href":"https:\/\/www.salt-harvesting-machine.com\/pt\/wp-json\/wp\/v2\/media?parent=151"}],"curies":[{"name":"wp","href":"https:\/\/api.w.org\/{rel}","templated":true}]}}