{"id":13,"date":"2018-10-31T01:34:22","date_gmt":"2018-10-31T01:34:22","guid":{"rendered":"https:\/\/www.salt-harvesting-machine.com\/?page_id=13"},"modified":"2018-11-01T09:21:03","modified_gmt":"2018-11-01T09:21:03","slug":"about-us","status":"publish","type":"page","link":"https:\/\/www.salt-harvesting-machine.com\/vi\/about-us","title":{"rendered":"V\u1ec1 ch\u00fang t\u00f4i"},"content":{"rendered":"<p class=\"translation-block\"><strong>V\u1ecb tr\u00ed c\u00f4ng ty ch\u00fang t\u00f4i<\/strong><\/p> <p class=\"translation-block\">Zhengzhou Shuliy Machinery Co., Ltd l\u00e0 m\u1ed9t doanh nghi\u1ec7p n\u1ed5i ti\u1ebfng t\u00edch h\u1ee3p nghi\u00ean c\u1ee9u khoa h\u1ecdc, ph\u00e1t tri\u1ec3n, thi\u1ebft k\u1ebf, ch\u1ebf t\u1ea1o v\u00e0 b\u00e1n h\u00e0ng t\u1ed5ng th\u1ec3. N\u00f3 t\u1ecda l\u1ea1c t\u1ea1i Zhengzhou Economic and Technological Development Zone, m\u1ed9t trung t\u00e2m th\u01b0\u01a1ng m\u1ea1i v\u00e0 kinh t\u1ebf, ch\u1ee7 y\u1ebfu ho\u1ea1t \u0111\u1ed9ng trong nh\u1eadp kh\u1ea9u v\u00e0 xu\u1ea5t kh\u1ea9u thi\u1ebft b\u1ecb c\u01a1 kh\u00ed. N\u01a1i \u0111\u00e2y c\u00f3 h\u01a1n 300 nh\u00e2n vi\u00ean, t\u1ea5t c\u1ea3 \u0111\u1ec1u l\u00e0m vi\u1ec7c v\u1edbi ni\u1ec1m vui nh\u01b0 m\u1ed9t gia \u0111\u00ecnh.<br \/> <img src=\"http:\/\/www.meatprocessingmachine.org\/wp-content\/uploads\/2018\/10\/aboutus-1.jpg\" alt=\"shuliy\" title=\"\"><br \/> <strong>N\u0103ng l\u1ef1c R&amp;D c\u1ee7a ch\u00fang t\u00f4i<\/strong><\/p> <p>Ch\u00fang t\u00f4i lu\u00f4n tin t\u01b0\u1edfng r\u1eb1ng c\u00f4ng ngh\u1ec7 l\u00e0 l\u1ef1c l\u01b0\u1ee3ng s\u1ea3n xu\u1ea5t ch\u1ee7 y\u1ebfu. D\u01b0\u1edbi s\u1ef1 h\u01b0\u1edbng d\u1eabn c\u1ee7a kh\u00e1i ni\u1ec7m n\u00e0y, ch\u00fang t\u00f4i \u0111\u00e3 \u0111\u1ea7u t\u01b0 l\u1edbn v\u00e0o vi\u1ec7c thu\u00ea nhi\u1ec1u chuy\u00ean gia c\u01a1 kh\u00ed xu\u1ea5t s\u1eafc l\u00e0m t\u01b0 v\u1ea5n, v\u00ec v\u1eady ch\u00fang t\u00f4i c\u00f3 kh\u1ea3 n\u0103ng xu\u1ea5t s\u1eafc trong vi\u1ec7c nghi\u00ean c\u1ee9u v\u00e0 ph\u00e1t tri\u1ec3n s\u1ea3n ph\u1ea9m m\u1edbi c\u0169ng nh\u01b0 c\u1ea3i thi\u1ec7n ch\u1ea5t l\u01b0\u1ee3ng m\u00e1y m\u00f3c truy\u1ec1n th\u1ed1ng.<\/p> <p class=\"translation-block\"><strong>QC v\u00e0 D\u1ecbch v\u1ee5 c\u1ee7a ch\u00fang t\u00f4i<\/strong><\/p> <p>Ch\u00fang t\u00f4i lu\u00f4n ph\u1ea5n \u0111\u1ea5u v\u00ec s\u1ef1 xu\u1ea5t s\u1eafc. Nh\u1edd v\u00e0o l\u1ef1c l\u01b0\u1ee3ng lao \u0111\u1ed9ng \u0111\u01b0\u1ee3c \u0111\u00e0o t\u1ea1o b\u00e0i b\u1ea3n, h\u1ec7 th\u1ed1ng \u0111\u1ea3m b\u1ea3o ch\u1ea5t l\u01b0\u1ee3ng nghi\u00eam ng\u1eb7t, qu\u1ea3n l\u00fd t\u1ed1i \u01b0u to\u00e0n b\u1ed9 quy tr\u00ecnh s\u1ea3n xu\u1ea5t v\u00e0 h\u1ec7 th\u1ed1ng d\u1ecbch v\u1ee5 sau b\u00e1n h\u00e0ng ho\u00e0n h\u1ea3o, s\u1ea3n ph\u1ea9m v\u00e0 d\u1ecbch v\u1ee5 c\u1ee7a ch\u00fang t\u00f4i \u0111\u01b0\u1ee3c kh\u00e1ch h\u00e0ng trong n\u01b0\u1edbc v\u00e0 qu\u1ed1c t\u1ebf \u0111\u00e1nh gi\u00e1 cao. D\u1ef1a tr\u00ean nguy\u00ean t\u1eafc l\u1ea5y ch\u1ea5t l\u01b0\u1ee3ng l\u00e0m trung t\u00e2m, uy t\u00edn t\u1ed1t v\u00e0 kh\u00e1ch h\u00e0ng l\u00e0 tr\u00ean h\u1ebft, ch\u00fang t\u00f4i gi\u1eef v\u1eefng ni\u1ec1m tin t\u1ea1o ra nh\u1eefng s\u1ea3n ph\u1ea9m ch\u1ea5t l\u01b0\u1ee3ng cao trong c\u00e1c ng\u00e0nh li\u00ean quan v\u00e0 \u0111\u1ea1t \u0111\u01b0\u1ee3c hi\u1ec7u su\u1ea5t tuy\u1ec7t v\u1eddi trong nhi\u1ec1u n\u0103m. Ch\u00fang t\u00f4i r\u1ea5t t\u1eadn t\u00e2m cung c\u1ea5p s\u1ea3n ph\u1ea9m ch\u1ea5t l\u01b0\u1ee3ng cao v\u00e0 d\u1ecbch v\u1ee5 h\u00e0i l\u00f2ng cho t\u1ea5t c\u1ea3 kh\u00e1ch h\u00e0ng, v\u00e0 mong mu\u1ed1n h\u1ee3p t\u00e1c ch\u00e2n th\u00e0nh v\u1edbi h\u1ecd v\u00ec m\u1ed9t t\u01b0\u01a1ng lai t\u01b0\u01a1i s\u00e1ng. C\u00f4ng ty ch\u00fang t\u00f4i h\u01b0\u1edbng t\u1edbi vi\u1ec7c \u0111\u1ed5i m\u1edbi trong th\u1ef1c ti\u1ec5n v\u00e0 cung c\u1ea5p m\u1ed9t \u0111\u1ea3m b\u1ea3o \u0111\u00e1ng tin c\u1eady t\u1eeb s\u1ea3n xu\u1ea5t \u0111\u1ebfn b\u00e1n h\u00e0ng. Tuy\u00ean b\u1ed1 v\u1ec1 ch\u1ea5t l\u01b0\u1ee3ng c\u1ee7a ch\u00fang t\u00f4i \u0111\u01b0\u1ee3c t\u00f3m g\u1ecdn trong m\u1ed9t t\u1eeb - cam k\u1ebft - \u0111\u1ed1i v\u1edbi n\u00f4ng nghi\u1ec7p, n\u00f4ng d\u00e2n v\u00e0 ng\u01b0\u1eddi ti\u00eau d\u00f9ng s\u1ea3n ph\u1ea9m, \u0111i\u1ec1u m\u00e0 ch\u00fang t\u00f4i ph\u1ea5n \u0111\u1ea5u th\u1ef1c hi\u1ec7n m\u1ed7i ng\u00e0y.<\/p>","protected":false},"excerpt":{"rendered":"<p>\u0110\u1ecba \u0111i\u1ec3m c\u00f4ng ty c\u1ee7a ch\u00fang t\u00f4i Zhengzhou Shuliy Machinery Co., Ltd l\u00e0 m\u1ed9t doanh nghi\u1ec7p n\u1ed5i ti\u1ebfng t\u00edch h\u1ee3p nghi\u00ean c\u1ee9u khoa h\u1ecdc, ph\u00e1t tri\u1ec3n, thi\u1ebft k\u1ebf, s\u1ea3n xu\u1ea5t v\u00e0 b\u00e1n h\u00e0ng th\u00e0nh m\u1ed9t th\u1ec3 th\u1ed1ng nh\u1ea5t. N\u00f3 n\u1eb1m trong Khu ph\u00e1t tri\u1ec3n Kinh t\u1ebf v\u00e0 C\u00f4ng ngh\u1ec7 Zhengzhou, n\u01a1i l\u00e0 trung t\u00e2m th\u01b0\u01a1ng m\u1ea1i v\u00e0 kinh t\u1ebf, ch\u1ee7 y\u1ebfu tham gia v\u00e0o vi\u1ec7c nh\u1eadp kh\u1ea9u v\u00e0 xu\u1ea5t kh\u1ea9u thi\u1ebft b\u1ecb c\u01a1 kh\u00ed. T\u1ea1i \u0111\u00e2y c\u00f3 h\u01a1n 300 nh\u00e2n vi\u00ean, t\u1ea5t c\u1ea3 \u0111\u1ec1u c\u00f3 \u0111\u1ed9ng l\u1ef1c...<\/p>","protected":false},"author":1,"featured_media":0,"parent":0,"menu_order":0,"comment_status":"open","ping_status":"closed","template":"","meta":{"_kad_blocks_custom_css":"","_kad_blocks_head_custom_js":"","_kad_blocks_body_custom_js":"","_kad_blocks_footer_custom_js":"","_kadence_starter_templates_imported_post":false,"_kad_post_transparent":"","_kad_post_title":"","_kad_post_layout":"","_kad_post_sidebar_id":"","_kad_post_content_style":"","_kad_post_vertical_padding":"","_kad_post_feature":"","_kad_post_feature_position":"","_kad_post_header":false,"_kad_post_footer":false,"_kad_post_classname":"","footnotes":""},"class_list":["post-13","page","type-page","status-publish","hentry"],"taxonomy_info":[],"featured_image_src_large":false,"author_info":{"display_name":"Salt-Harvester","author_link":"https:\/\/www.salt-harvesting-machine.com\/vi\/author\/admin"},"comment_info":"","_links":{"self":[{"href":"https:\/\/www.salt-harvesting-machine.com\/vi\/wp-json\/wp\/v2\/pages\/13","targetHints":{"allow":["GET"]}}],"collection":[{"href":"https:\/\/www.salt-harvesting-machine.com\/vi\/wp-json\/wp\/v2\/pages"}],"about":[{"href":"https:\/\/www.salt-harvesting-machine.com\/vi\/wp-json\/wp\/v2\/types\/page"}],"author":[{"embeddable":true,"href":"https:\/\/www.salt-harvesting-machine.com\/vi\/wp-json\/wp\/v2\/users\/1"}],"replies":[{"embeddable":true,"href":"https:\/\/www.salt-harvesting-machine.com\/vi\/wp-json\/wp\/v2\/comments?post=13"}],"version-history":[{"count":0,"href":"https:\/\/www.salt-harvesting-machine.com\/vi\/wp-json\/wp\/v2\/pages\/13\/revisions"}],"wp:attachment":[{"href":"https:\/\/www.salt-harvesting-machine.com\/vi\/wp-json\/wp\/v2\/media?parent=13"}],"curies":[{"name":"wp","href":"https:\/\/api.w.org\/{rel}","templated":true}]}}