{"id":151,"date":"2019-06-19T01:55:41","date_gmt":"2019-06-19T01:55:41","guid":{"rendered":"https:\/\/www.salt-harvesting-machine.com\/?page_id=151"},"modified":"2019-06-19T01:57:41","modified_gmt":"2019-06-19T01:57:41","slug":"new-design-salt-harvester-salt-collector-for-quick-collection-of-sea-salt","status":"publish","type":"page","link":"https:\/\/www.salt-harvesting-machine.com\/vi\/new-design-salt-harvester-salt-collector-for-quick-collection-of-sea-salt","title":{"rendered":"M\u00e1y thu ho\u1ea1ch mu\u1ed1i thi\u1ebft k\u1ebf m\u1edbi \/ m\u00e1y thu gom mu\u1ed1i \u0111\u1ec3 thu th\u1eadp mu\u1ed1i bi\u1ec3n nhanh ch\u00f3ng"},"content":{"rendered":"<p class=\"translation-block\">\u0110\u1ec3 thu ho\u1ea1ch mu\u1ed1i bi\u1ec3n t\u1ea1i c\u00e1c c\u00e1nh \u0111\u1ed3ng mu\u1ed1i l\u1edbn, <strong><b>m\u00e1y thu ho\u1ea1ch mu\u1ed1i <\/b><\/strong>Shuliy s\u1ebd l\u00e0 m\u1ed9t l\u1ef1a ch\u1ecdn t\u1ed1t cho b\u1ea1n. M\u00e1y m\u00f3c Shuliy chuy\u00ean thi\u1ebft k\u1ebf v\u00e0 s\u1ea3n xu\u1ea5t m\u00e1y thu ho\u1ea1ch mu\u1ed1i trong h\u01a1n 10 n\u0103m n\u00ean kh\u00f4ng ch\u1ec9 cung c\u1ea5p <strong><b>m\u00e1y thu gom mu\u1ed1i <\/b><\/strong>t\u1ed1t nh\u1ea5t m\u00e0 c\u00f2n cung c\u1ea5p c\u00e1c thi\u1ebft b\u1ecb h\u1ed7 tr\u1ee3.<\/p> <h2><strong><b>Nh\u1eefng l\u1ee3i th\u1ebf ch\u00ednh c\u1ee7a m\u00e1y thu ho\u1ea1ch mu\u1ed1i<\/b><\/strong><\/h2> <figure id=\"attachment_27\" aria-describedby=\"caption-attachment-27\" style=\"width: 300px\" class=\"wp-caption aligncenter\"><img loading=\"lazy\" decoding=\"async\" class=\"size-medium wp-image-27\" src=\"https:\/\/www.salt-harvesting-machine.com\/wp-content\/uploads\/2018\/10\/salt-collecting-machine13a-300x300.jpg\" alt=\"m\u00e1y thu gom mu\u1ed1i\" width=\"300\" height=\"300\" title=\"\" srcset=\"https:\/\/www.salt-harvesting-machine.com\/wp-content\/uploads\/2018\/10\/salt-collecting-machine13a-300x300.jpg 300w, https:\/\/www.salt-harvesting-machine.com\/wp-content\/uploads\/2018\/10\/salt-collecting-machine13a-150x150.jpg 150w, https:\/\/www.salt-harvesting-machine.com\/wp-content\/uploads\/2018\/10\/salt-collecting-machine13a.jpg 500w\" sizes=\"auto, (max-width: 300px) 100vw, 300px\" \/><figcaption id=\"caption-attachment-27\" class=\"wp-caption-text\">M\u00e1y thu gom mu\u1ed1i<\/figcaption><\/figure> <p>Ph\u1ea1m vi c\u1ee7a m\u00e1y thu gom mu\u1ed1i r\u1ea5t r\u1ed9ng, v\u00e0 n\u00f3 c\u00f3 th\u1ec3 \u0111\u01b0\u1ee3c s\u1eed d\u1ee5ng cho ho\u1ea1t \u0111\u1ed9ng thu gom mu\u1ed1i k\u1ebft h\u1ee3p v\u1edbi \u0111\u01b0\u1eddng \u1ed1ng th\u1ee7y l\u1ee3i, v\u00e0 c\u0169ng c\u00f3 th\u1ec3 th\u1ef1c hi\u1ec7n c\u00e1c ho\u1ea1t \u0111\u1ed9ng nh\u01b0 lo\u1ea1i b\u1ecf x\u1ec9 v\u00e0 k\u00e9o. M\u00e1y thu gom mu\u1ed1i s\u1eed d\u1ee5ng m\u1ed9t b\u1ed9 x\u00edch cao su \u0111\u1ec3 di chuy\u1ec3n, v\u00e0 l\u1ee3i th\u1ebf c\u1ee7a vi\u1ec7c s\u1eed d\u1ee5ng b\u1ed9 x\u00edch l\u00e0 m\u00e1y thu gom mu\u1ed1i c\u00f3 th\u1ec3 \u0111\u01b0\u1ee3c \u0111i\u1ec1u khi\u1ec3n m\u00e0 kh\u00f4ng l\u00e0m h\u1ecfng t\u1ea5m b\u1ec3.<\/p> <p><img loading=\"lazy\" decoding=\"async\" class=\"size-medium wp-image-59 aligncenter\" src=\"https:\/\/www.salt-harvesting-machine.com\/wp-content\/uploads\/2018\/10\/Salt-pool-press-machine5-300x300.jpg\" alt=\"\" width=\"300\" height=\"300\" title=\"\" srcset=\"https:\/\/www.salt-harvesting-machine.com\/wp-content\/uploads\/2018\/10\/Salt-pool-press-machine5-300x300.jpg 300w, https:\/\/www.salt-harvesting-machine.com\/wp-content\/uploads\/2018\/10\/Salt-pool-press-machine5-150x150.jpg 150w, https:\/\/www.salt-harvesting-machine.com\/wp-content\/uploads\/2018\/10\/Salt-pool-press-machine5.jpg 600w\" sizes=\"auto, (max-width: 300px) 100vw, 300px\" \/><\/p> <p class=\"translation-block\">M\u00e1y thu gom mu\u1ed1i c\u0169ng s\u1eed d\u1ee5ng truy\u1ec1n \u0111\u1ed9ng th\u1ee7y l\u1ef1c, chuy\u1ec3n s\u1ed1 b\u1eb1ng n\u0103ng l\u01b0\u1ee3ng, ti\u00eau chu\u1ea9n h\u00f3a c\u00e1c b\u1ed9 ph\u1eadn v\u00e0 m\u1ee9c \u0111\u1ed9 kh\u00e1i qu\u00e1t h\u00f3a cao, l\u00e0m cho m\u00e1y thu gom mu\u1ed1i thu\u1eadn ti\u1ec7n v\u00e0 \u0111\u01a1n gi\u1ea3n h\u01a1n trong v\u1eadn h\u00e0nh. <strong><b>M\u00e1y thu gom mu\u1ed1i <\/b><\/strong>c\u00f3 th\u1ec3 ho\u00e0n th\u00e0nh c\u00e1c thao t\u00e1c thu gom mu\u1ed1i, lo\u1ea1i b\u1ecf x\u1ec9 v\u00e0 k\u00e9o trong m\u1ed9t m\u00e1y, v\u00e0 t\u1ef7 l\u1ec7 s\u1eed d\u1ee5ng mu\u1ed1i bi\u1ec3n cao.<\/p> <h2><strong><b>T\u1ea1i sao ch\u1ecdn m\u00e1y thu ho\u1ea1ch mu\u1ed1i k\u1ebft h\u1ee3p Shuliy?<\/b><\/strong><\/h2> <figure id=\"attachment_78\" aria-describedby=\"caption-attachment-78\" style=\"width: 300px\" class=\"wp-caption aligncenter\"><img loading=\"lazy\" decoding=\"async\" class=\"size-medium wp-image-78\" src=\"https:\/\/www.salt-harvesting-machine.com\/wp-content\/uploads\/2018\/10\/salt-collecting-machine09-300x300.jpg\" alt=\"m\u00e1y thu gom mu\u1ed1i\" width=\"300\" height=\"300\" title=\"\" srcset=\"https:\/\/www.salt-harvesting-machine.com\/wp-content\/uploads\/2018\/10\/salt-collecting-machine09-300x300.jpg 300w, https:\/\/www.salt-harvesting-machine.com\/wp-content\/uploads\/2018\/10\/salt-collecting-machine09-150x150.jpg 150w, https:\/\/www.salt-harvesting-machine.com\/wp-content\/uploads\/2018\/10\/salt-collecting-machine09.jpg 500w\" sizes=\"auto, (max-width: 300px) 100vw, 300px\" \/><figcaption id=\"caption-attachment-78\" class=\"wp-caption-text\">M\u00e1y thu gom mu\u1ed1i<\/figcaption><\/figure> <h3>1. D\u1ecbch v\u1ee5 sau b\u00e1n h\u00e0ng t\u1ed1t c\u1ee7a s\u1ea3n xu\u1ea5t mu\u1ed1i<\/h3> <p>D\u1ecbch v\u1ee5 h\u1eadu m\u00e3i t\u1ed1t l\u00e0 n\u1ec1n t\u1ea3ng cho s\u1ef1 ph\u00e1t tri\u1ec3n b\u1ec1n v\u1eefng c\u1ee7a c\u00f4ng ty. Ng\u01b0\u1eddi d\u00f9ng kh\u1ea9n c\u1ea5p th\u01b0\u1eddng lo l\u1eafng, ngh\u0129 r\u1eb1ng nh\u1eefng g\u00ec ng\u01b0\u1eddi d\u00f9ng ngh\u0129 l\u00e0 n\u1ec1n t\u1ea3ng v\u1eefng ch\u1eafc cho s\u1ef1 h\u1ee3p t\u00e1c l\u1ea7n n\u1eefa. C\u00f4ng ty ch\u00fang t\u00f4i \u0111\u00e3 thi\u1ebft l\u1eadp m\u1ed9t h\u1ec7 th\u1ed1ng d\u1ecbch v\u1ee5 h\u1eadu m\u00e3i t\u1ed1t, c\u00f3 th\u1ec3 cung c\u1ea5p h\u1ed7 tr\u1ee3 k\u1ef9 thu\u1eadt \u0111\u1ecbnh k\u1ef3 cho c\u00e1c chuy\u1ebfn th\u0103m l\u1ea1i c\u1ee7a ng\u01b0\u1eddi d\u00f9ng v\u00e0 d\u1ecbch v\u1ee5 tr\u1ecdn \u0111\u1eddi.<\/p> <h3>2.<strong><b>Thi\u1ebft b\u1ecb thu ho\u1ea1ch mu\u1ed1i <\/b><\/strong>ch\u1ea5t l\u01b0\u1ee3ng<\/h3> <p><img loading=\"lazy\" decoding=\"async\" class=\"size-full wp-image-101 aligncenter\" src=\"https:\/\/www.salt-harvesting-machine.com\/wp-content\/uploads\/2018\/11\/5.jpg\" alt=\"\" width=\"750\" height=\"520\" title=\"\"><\/p> <p>Ch\u1ea5t l\u01b0\u1ee3ng l\u00e0 tr\u00e1ch nhi\u1ec7m x\u00e3 h\u1ed9i c\u1ee7a c\u00f4ng ty v\u00e0 l\u00e0 s\u1ef1 s\u1ed1ng c\u00f2n c\u1ee7a c\u00f4ng ty. Theo \u0111u\u1ed5i s\u1ef1 ho\u00e0n h\u1ea3o l\u00e0 n\u1ec1n t\u1ea3ng v\u1eefng ch\u1eafc \u0111\u1ec3 x\u00e2y d\u1ef1ng doanh nghi\u1ec7p. C\u00f4ng ty ch\u00fang t\u00f4i \u00e1p d\u1ee5ng m\u00f4 h\u00ecnh qu\u1ea3n l\u00fd s\u1ea3n xu\u1ea5t ti\u00ean ti\u1ebfn, gi\u00e1m s\u00e1t d\u00f2ng ch\u1ea3y c\u1ee7a n\u01b0\u1edbc v\u00e0 kh\u00f4ng b\u1ecf s\u00f3t b\u1ea5t k\u1ef3 s\u1ea3n ph\u1ea9m n\u00e0o. \"D\u1ef1a tr\u00ean s\u1ef1 trung th\u1ef1c, \u0111\u1ed5i m\u1edbi v\u00e0 ti\u1ebfn b\u1ed9\" v\u00e0 tri\u1ebft l\u00fd doanh nghi\u1ec7p c\u1ee7a c\u00f4ng ty l\u00e0 c\u01a1 s\u1edf cho s\u1ef1 ph\u00e1t tri\u1ec3n b\u1ec1n v\u1eefng v\u00e0 \u1ed5n \u0111\u1ecbnh c\u1ee7a c\u00f4ng ty.<\/p> <h3>3. Thi\u1ebft k\u1ebf th\u1ef1c ti\u1ec5n <strong><b>M\u00e1y thu ho\u1ea1ch mu\u1ed1i <\/b><\/strong>c\u00e1c tr\u01b0\u1eddng h\u1ee3p<\/h3> <p>S\u1ea3n ph\u1ea9m c\u1ee7a c\u00f4ng ty b\u00e1n ch\u1ea1y \u1edf h\u00e0ng ch\u1ee5c t\u1ec9nh, th\u00e0nh ph\u1ed1 v\u00e0 khu v\u1ef1c t\u1ef1 tr\u1ecb tr\u00ean to\u00e0n qu\u1ed1c, v\u00e0 \u0111\u01b0\u1ee3c s\u1eed d\u1ee5ng b\u1edfi h\u00e0ng ch\u1ee5c nh\u00e0 s\u1ea3n xu\u1ea5t n\u1ed5i ti\u1ebfng trong n\u01b0\u1edbc v\u00e0 qu\u1ed1c t\u1ebf. C\u00f4ng ty ch\u00fang t\u00f4i d\u1ef1a v\u00e0o thi\u1ebft b\u1ecb s\u1ea3n xu\u1ea5t ti\u00ean ti\u1ebfn v\u00e0 kinh nghi\u1ec7m qu\u1ea3n l\u00fd phong ph\u00fa, ch\u00fa tr\u1ecdng ph\u00e1t tri\u1ec3n c\u00f4ng ngh\u1ec7 v\u00e0 n\u00e2ng c\u1ea5p s\u1ea3n ph\u1ea9m, v\u00e0 n\u1ed7 l\u1ef1c cung c\u1ea5p cho ng\u01b0\u1eddi d\u00f9ng thi\u1ebft b\u1ecb chuy\u00ean nghi\u1ec7p t\u1ed1t h\u01a1n v\u00e0 ti\u00ean ti\u1ebfn h\u01a1n.<\/p>","protected":false},"excerpt":{"rendered":"<p>For collecting the sea salt in the large sea salt fields, Shuliy salt harvester will be a good choice for you. Shuliy machinery is specialized in the salt harvesting machine designing and manufacturing for more than 10 years so that can not only provide the best salt collector\u00a0but also can provide the supporting equipment. Main&#8230;<\/p>","protected":false},"author":1,"featured_media":0,"parent":0,"menu_order":0,"comment_status":"closed","ping_status":"closed","template":"","meta":{"_kad_blocks_custom_css":"","_kad_blocks_head_custom_js":"","_kad_blocks_body_custom_js":"","_kad_blocks_footer_custom_js":"","_kadence_starter_templates_imported_post":false,"_kad_post_transparent":"","_kad_post_title":"","_kad_post_layout":"","_kad_post_sidebar_id":"","_kad_post_content_style":"","_kad_post_vertical_padding":"","_kad_post_feature":"","_kad_post_feature_position":"","_kad_post_header":false,"_kad_post_footer":false,"_kad_post_classname":"","footnotes":""},"class_list":["post-151","page","type-page","status-publish","hentry"],"taxonomy_info":[],"featured_image_src_large":false,"author_info":{"display_name":"Salt-Harvester","author_link":"https:\/\/www.salt-harvesting-machine.com\/vi\/author\/admin"},"comment_info":"","_links":{"self":[{"href":"https:\/\/www.salt-harvesting-machine.com\/vi\/wp-json\/wp\/v2\/pages\/151","targetHints":{"allow":["GET"]}}],"collection":[{"href":"https:\/\/www.salt-harvesting-machine.com\/vi\/wp-json\/wp\/v2\/pages"}],"about":[{"href":"https:\/\/www.salt-harvesting-machine.com\/vi\/wp-json\/wp\/v2\/types\/page"}],"author":[{"embeddable":true,"href":"https:\/\/www.salt-harvesting-machine.com\/vi\/wp-json\/wp\/v2\/users\/1"}],"replies":[{"embeddable":true,"href":"https:\/\/www.salt-harvesting-machine.com\/vi\/wp-json\/wp\/v2\/comments?post=151"}],"version-history":[{"count":0,"href":"https:\/\/www.salt-harvesting-machine.com\/vi\/wp-json\/wp\/v2\/pages\/151\/revisions"}],"wp:attachment":[{"href":"https:\/\/www.salt-harvesting-machine.com\/vi\/wp-json\/wp\/v2\/media?parent=151"}],"curies":[{"name":"wp","href":"https:\/\/api.w.org\/{rel}","templated":true}]}}